{"id":19,"date":"2015-11-30T15:37:48","date_gmt":"2015-11-30T14:37:48","guid":{"rendered":"https:\/\/www.vergerdelamauliere.com\/nl\/verger-de-mauliere\/"},"modified":"2016-12-31T11:10:54","modified_gmt":"2016-12-31T10:10:54","slug":"verger-de-mauliere","status":"publish","type":"page","link":"https:\/\/www.vergerdelamauliere.com\/nl\/verger-de-mauliere\/","title":{"rendered":"Verger de la Mauli\u00e8re"},"content":{"rendered":"<p>[vc_row row_type=&#8221;row&#8221; use_row_as_full_screen_section=&#8221;no&#8221; type=&#8221;full_width&#8221; text_align=&#8221;left&#8221; css_animation=&#8221;&#8221; box_shadow_on_row=&#8221;no&#8221;][vc_column][vc_empty_space image_repeat=&#8221;no-repeat&#8221;][\/vc_column][\/vc_row][vc_row row_type=&#8221;row&#8221; use_row_as_full_screen_section=&#8221;no&#8221; type=&#8221;full_width&#8221; text_align=&#8221;left&#8221; css_animation=&#8221;&#8221; box_shadow_on_row=&#8221;no&#8221;][vc_column][vc_column_text]<\/p>\n<h2 align=\"center\"><span style=\"color: #562b2b; font-size: small;\"><strong><img loading=\"lazy\" decoding=\"async\" class=\"size-full wp-image-525 aligncenter\" src=\"https:\/\/www.vergerdelamauliere.com\/wp-content\/uploads\/2015\/11\/branche.png\" alt=\"branche\" width=\"109\" height=\"67\" \/><\/strong><\/span><\/h2>\n<h2 align=\"center\"><span style=\"color: #562b2b; font-size: small;\"><strong>Au Verger de la Mauli\u00e8re<\/strong><\/span><\/h2>\n<h5 align=\"center\"><span style=\"color: #562b2b;\">Charme en comfort van een vrijstaande gelijkvloerse woning van 90 m2<br \/>\nvoor 4 to 6 personen<br \/>\nen uw huisdier is ook van harte welcom<br \/>\n<\/span><\/h5>\n<p>[\/vc_column_text][\/vc_column][\/vc_row][vc_row row_type=&#8221;row&#8221; use_row_as_full_screen_section=&#8221;no&#8221; type=&#8221;full_width&#8221; text_align=&#8221;left&#8221; css_animation=&#8221;&#8221; box_shadow_on_row=&#8221;no&#8221;][vc_column width=&#8221;1\/3&#8243;][vc_column_text]<\/p>\n<h5><img loading=\"lazy\" decoding=\"async\" class=\"alignnone wp-image-170 size-full\" src=\"https:\/\/www.vergerdelamauliere.com\/wp-content\/uploads\/2015\/11\/gite_verger_de_la_mauliere.jpg\" alt=\"gite_verger_de_la_mauliere\" width=\"576\" height=\"383\" srcset=\"https:\/\/www.vergerdelamauliere.com\/wp-content\/uploads\/2015\/11\/gite_verger_de_la_mauliere.jpg 576w, https:\/\/www.vergerdelamauliere.com\/wp-content\/uploads\/2015\/11\/gite_verger_de_la_mauliere-300x199.jpg 300w\" sizes=\"auto, (max-width: 576px) 100vw, 576px\" \/><\/h5>\n<h5>Gelegen in het kleine dorp van Audrehem, in het hart van het regionale natuurpark van capes en opaal moerassen.<\/h5>\n<p>Het is een onafhankelijk landhuis 3 sleuters gerangschickt *** comfortabel en inloop.<\/p>\n<p>Sfeer cottage, onze huisje is geschickt voor 4 tot 6 personen. En uw huisdier is ook welkom !<\/p>\n<p>De eigenschap is volledig omheind met meer dan 4.000 m2 grond voor\u00a0 Frolic[\/vc_column_text][\/vc_column][vc_column width=&#8221;1\/3&#8243;][vc_column_text]<\/p>\n<h5><img loading=\"lazy\" decoding=\"async\" class=\"alignnone size-full wp-image-175\" src=\"https:\/\/www.vergerdelamauliere.com\/wp-content\/uploads\/2015\/11\/gite_verger_de_la_mauliere_salon.jpg\" alt=\"gite_verger_de_la_mauliere_salon\" width=\"576\" height=\"383\" srcset=\"https:\/\/www.vergerdelamauliere.com\/wp-content\/uploads\/2015\/11\/gite_verger_de_la_mauliere_salon.jpg 576w, https:\/\/www.vergerdelamauliere.com\/wp-content\/uploads\/2015\/11\/gite_verger_de_la_mauliere_salon-300x199.jpg 300w\" sizes=\"auto, (max-width: 576px) 100vw, 576px\" \/><\/h5>\n<h5>Het rustiek en warm interieur<\/h5>\n<ul>\n<li>\u00a0Volledig uitgeruste keuken<\/li>\n<li>Eetplaats en zithoek<br \/>\nSchoorsteen voor een cocoonsfeer<\/li>\n<li>1 Dubbele kamer<\/li>\n<li>1 Kamer met 2 Eenpersoonsbedden<br \/>\nen in de zithoek een slaapbank<br \/>\nvoor 2 personen<\/li>\n<li>Badkamer (bad\/douche)<\/li>\n<li>met washmachine ter uwe beschikking<\/li>\n<\/ul>\n<p>[\/vc_column_text][\/vc_column][vc_column width=&#8221;1\/3&#8243;][vc_column_text]<\/p>\n<h5><img loading=\"lazy\" decoding=\"async\" class=\"alignnone wp-image-176 size-full\" src=\"https:\/\/www.vergerdelamauliere.com\/wp-content\/uploads\/2015\/11\/gite_verger_de_la_mauliere_jardin.jpg\" alt=\"gite_verger_de_la_mauliere_jardin\" width=\"576\" height=\"383\" srcset=\"https:\/\/www.vergerdelamauliere.com\/wp-content\/uploads\/2015\/11\/gite_verger_de_la_mauliere_jardin.jpg 576w, https:\/\/www.vergerdelamauliere.com\/wp-content\/uploads\/2015\/11\/gite_verger_de_la_mauliere_jardin-300x199.jpg 300w\" sizes=\"auto, (max-width: 576px) 100vw, 576px\" \/><\/h5>\n<h5>De tuin,<br \/>\nvolledig priv\u00e9 en uitgestrekte ruimte<\/h5>\n<ul>\n<li>4000 m2 grasplein om te spelen en zich te ontspannen<\/li>\n<li>Terras met pergola<br \/>\nZicht op de boomgaard en weilanden<\/li>\n<li>Tuinstel, ligzetels en barbecue<br \/>\nter uwe beschikking<\/li>\n<li>Boomgaard met verschillende varieteiten fruitbornen om te ontdekken<\/li>\n<\/ul>\n<p>&nbsp;<\/p>\n<p><strong>Frans, Engels en Duits gesproken<\/strong> om u te verwelkomen<\/p>\n<p>&nbsp;<\/p>\n<p>G\u00eete labellis\u00e9 Cl\u00e9vacances 3 cl\u00e9s N\u00b0 d&#8217;agr\u00e9ment 1771[\/vc_column_text][\/vc_column][\/vc_row]<\/p>\n","protected":false},"excerpt":{"rendered":"<p>[vc_row row_type=&#8221;row&#8221; use_row_as_full_screen_section=&#8221;no&#8221; type=&#8221;full_width&#8221; text_align=&#8221;left&#8221; css_animation=&#8221;&#8221; box_shadow_on_row=&#8221;no&#8221;][vc_column][vc_empty_space image_repeat=&#8221;no-repeat&#8221;][\/vc_column][\/vc_row][vc_row row_type=&#8221;row&#8221; use_row_as_full_screen_section=&#8221;no&#8221; type=&#8221;full_width&#8221; text_align=&#8221;left&#8221; css_animation=&#8221;&#8221; box_shadow_on_row=&#8221;no&#8221;][vc_column][vc_column_text] Au Verger de la Mauli\u00e8re Charme en comfort van een vrijstaande gelijkvloerse woning van 90 m2 voor 4 to 6 personen en uw huisdier is ook van harte welcom [\/vc_column_text][\/vc_column][\/vc_row][vc_row row_type=&#8221;row&#8221; use_row_as_full_screen_section=&#8221;no&#8221; type=&#8221;full_width&#8221; text_align=&#8221;left&#8221; css_animation=&#8221;&#8221; box_shadow_on_row=&#8221;no&#8221;][vc_column width=&#8221;1\/3&#8243;][vc_column_text] Gelegen in het kleine dorp van Audrehem, in het hart van het regionale natuurpark van capes en opaal moerassen. Het is een onafhankelijk landhuis 3 sleuters gerangschickt *** comfortabel en inloop. Sfeer cottage, onze huisje is geschickt voor 4&#8230;<\/p>\n","protected":false},"author":1,"featured_media":0,"parent":0,"menu_order":5,"comment_status":"closed","ping_status":"closed","template":"blog-masonry.php","meta":{"footnotes":""},"class_list":["post-19","page","type-page","status-publish","hentry"],"_links":{"self":[{"href":"https:\/\/www.vergerdelamauliere.com\/nl\/wp-json\/wp\/v2\/pages\/19","targetHints":{"allow":["GET"]}}],"collection":[{"href":"https:\/\/www.vergerdelamauliere.com\/nl\/wp-json\/wp\/v2\/pages"}],"about":[{"href":"https:\/\/www.vergerdelamauliere.com\/nl\/wp-json\/wp\/v2\/types\/page"}],"author":[{"embeddable":true,"href":"https:\/\/www.vergerdelamauliere.com\/nl\/wp-json\/wp\/v2\/users\/1"}],"replies":[{"embeddable":true,"href":"https:\/\/www.vergerdelamauliere.com\/nl\/wp-json\/wp\/v2\/comments?post=19"}],"version-history":[{"count":39,"href":"https:\/\/www.vergerdelamauliere.com\/nl\/wp-json\/wp\/v2\/pages\/19\/revisions"}],"predecessor-version":[{"id":1299,"href":"https:\/\/www.vergerdelamauliere.com\/nl\/wp-json\/wp\/v2\/pages\/19\/revisions\/1299"}],"wp:attachment":[{"href":"https:\/\/www.vergerdelamauliere.com\/nl\/wp-json\/wp\/v2\/media?parent=19"}],"curies":[{"name":"wp","href":"https:\/\/api.w.org\/{rel}","templated":true}]}}