{"id":1045,"date":"2016-11-30T16:56:42","date_gmt":"2016-11-30T15:56:42","guid":{"rendered":"https:\/\/www.vergerdelamauliere.com\/legal-notice\/"},"modified":"2016-12-07T09:45:59","modified_gmt":"2016-12-07T08:45:59","slug":"legal-notice","status":"publish","type":"page","link":"https:\/\/www.vergerdelamauliere.com\/nl\/legal-notice\/","title":{"rendered":"Legal disclaimers"},"content":{"rendered":"<p>[vc_row css_animation=&#8221;&#8221; row_type=&#8221;row&#8221; use_row_as_full_screen_section=&#8221;no&#8221; type=&#8221;full_width&#8221; text_align=&#8221;left&#8221; box_shadow_on_row=&#8221;no&#8221;][vc_column][vc_empty_space height=&#8221;50px&#8221; image_repeat=&#8221;no-repeat&#8221;][\/vc_column][\/vc_row][vc_row css_animation=&#8221;&#8221; row_type=&#8221;row&#8221; use_row_as_full_screen_section=&#8221;no&#8221; type=&#8221;full_width&#8221; text_align=&#8221;left&#8221; box_shadow_on_row=&#8221;no&#8221;][vc_column][vc_column_text]<\/p>\n<h2 align=\"center\"><span style=\"color: #562b2b; font-size: small;\"><strong><img loading=\"lazy\" decoding=\"async\" class=\"size-full wp-image-525 aligncenter\" src=\"https:\/\/www.vergerdelamauliere.com\/wp-content\/uploads\/2015\/11\/branche.png\" alt=\"branche\" width=\"109\" height=\"67\" \/><\/strong><\/span><\/h2>\n<h2 align=\"center\"><span style=\"color: #562b2b; font-size: small;\"><strong>Legal disclaimers<\/strong><\/span><\/h2>\n<p>[\/vc_column_text][\/vc_column][\/vc_row][vc_row css_animation=&#8221;&#8221; row_type=&#8221;row&#8221; use_row_as_full_screen_section=&#8221;no&#8221; type=&#8221;full_width&#8221; text_align=&#8221;left&#8221; box_shadow_on_row=&#8221;no&#8221;][vc_column width=&#8221;1\/4&#8243;][\/vc_column][vc_column width=&#8221;1\/2&#8243;][vc_column_text css=&#8221;.vc_custom_1481100355457{padding-right: 10px !important;padding-left: 10px !important;}&#8221;]<\/p>\n<p class=\"p1\"><span class=\"s1\"><b>Propri\u00e9taire et \u00e9diteur du site<\/b><\/span><\/p>\n<p>Marie Line LANDRON<br \/>\n99 rue de la Panne<br \/>\nMUNCQ NIEURLET,\u00a0 62890<\/p>\n<p>email : <a href=\"mailto:contact@vergerdelamauliere.com\"><span class=\"s3\">contact@vergerdelamauliere.com<\/span><\/a><\/p>\n<p><span class=\"s1\"><b>Site r\u00e9alis\u00e9 et h\u00e9berg\u00e9 par<\/b><\/span><span class=\"s2\"><br \/>\n<\/span><\/p>\n<p class=\"p1\"><span class=\"s2\"><a href=\"https:\/\/www.netvolution.fr\/\">Netvolution<\/a><\/span><\/p>\n<p><strong>Cr\u00e9dits photo<\/strong><\/p>\n<p>R &amp; M.L. Landron, S. Lootens, F. Hoote,\u00a0S. Humez<\/p>\n<p><span class=\"s1\"><b>Confidentialit\u00e9 des donn\u00e9es<\/b><\/span><\/p>\n<p><span class=\"s2\">En conformit\u00e9 \u00e0 l&#8217;article 34 de la loi N\u00b7 78-17 du 6 janvier 1978 relative \u00e0 l&#8217;informatique, aux fichiers et aux libert\u00e9s, Marie Line Landron, \u00e9diteur du site, vous rappelle que vous disposez d&#8217;un droit d&#8217;acc\u00e8s de rectification et de suppression des donn\u00e9es nominatives vous concernant. Pour exercer ce droit adressez-vous \u00e0 :<\/span><\/p>\n<p>Marie Line LANDRON<br \/>\n99 rue de la Panne<br \/>\nMUNCQ NIEURLET,\u00a0 62890<\/p>\n<p>email : <a href=\"mailto:contact@vergerdelamauliere.com\"><span class=\"s3\">contact@vergerdelamauliere.com<\/span><\/a>[\/vc_column_text][\/vc_column][vc_column width=&#8221;1\/4&#8243;][\/vc_column][\/vc_row]<\/p>\n","protected":false},"excerpt":{"rendered":"<p>[vc_row css_animation=&#8221;&#8221; row_type=&#8221;row&#8221; use_row_as_full_screen_section=&#8221;no&#8221; type=&#8221;full_width&#8221; text_align=&#8221;left&#8221; box_shadow_on_row=&#8221;no&#8221;][vc_column][vc_empty_space height=&#8221;50px&#8221; image_repeat=&#8221;no-repeat&#8221;][\/vc_column][\/vc_row][vc_row css_animation=&#8221;&#8221; row_type=&#8221;row&#8221; use_row_as_full_screen_section=&#8221;no&#8221; type=&#8221;full_width&#8221; text_align=&#8221;left&#8221; box_shadow_on_row=&#8221;no&#8221;][vc_column][vc_column_text] Legal disclaimers [\/vc_column_text][\/vc_column][\/vc_row][vc_row css_animation=&#8221;&#8221; row_type=&#8221;row&#8221; use_row_as_full_screen_section=&#8221;no&#8221; type=&#8221;full_width&#8221; text_align=&#8221;left&#8221; box_shadow_on_row=&#8221;no&#8221;][vc_column width=&#8221;1\/4&#8243;][\/vc_column][vc_column width=&#8221;1\/2&#8243;][vc_column_text css=&#8221;.vc_custom_1481100355457{padding-right: 10px !important;padding-left: 10px !important;}&#8221;] Propri\u00e9taire et \u00e9diteur du site Marie Line LANDRON 99 rue de la Panne MUNCQ NIEURLET,\u00a0 62890 email : contact@vergerdelamauliere.com Site r\u00e9alis\u00e9 et h\u00e9berg\u00e9 par Netvolution Cr\u00e9dits photo R &amp; M.L. Landron, S. Lootens, F. Hoote,\u00a0S. Humez Confidentialit\u00e9 des donn\u00e9es En conformit\u00e9 \u00e0 l&#8217;article 34 de la loi N\u00b7 78-17 du 6 janvier 1978 relative \u00e0 l&#8217;informatique, aux fichiers et&#8230;<\/p>\n","protected":false},"author":1,"featured_media":0,"parent":0,"menu_order":26,"comment_status":"closed","ping_status":"closed","template":"full_width.php","meta":{"footnotes":""},"class_list":["post-1045","page","type-page","status-publish","hentry"],"_links":{"self":[{"href":"https:\/\/www.vergerdelamauliere.com\/nl\/wp-json\/wp\/v2\/pages\/1045","targetHints":{"allow":["GET"]}}],"collection":[{"href":"https:\/\/www.vergerdelamauliere.com\/nl\/wp-json\/wp\/v2\/pages"}],"about":[{"href":"https:\/\/www.vergerdelamauliere.com\/nl\/wp-json\/wp\/v2\/types\/page"}],"author":[{"embeddable":true,"href":"https:\/\/www.vergerdelamauliere.com\/nl\/wp-json\/wp\/v2\/users\/1"}],"replies":[{"embeddable":true,"href":"https:\/\/www.vergerdelamauliere.com\/nl\/wp-json\/wp\/v2\/comments?post=1045"}],"version-history":[{"count":12,"href":"https:\/\/www.vergerdelamauliere.com\/nl\/wp-json\/wp\/v2\/pages\/1045\/revisions"}],"predecessor-version":[{"id":1222,"href":"https:\/\/www.vergerdelamauliere.com\/nl\/wp-json\/wp\/v2\/pages\/1045\/revisions\/1222"}],"wp:attachment":[{"href":"https:\/\/www.vergerdelamauliere.com\/nl\/wp-json\/wp\/v2\/media?parent=1045"}],"curies":[{"name":"wp","href":"https:\/\/api.w.org\/{rel}","templated":true}]}}