{"id":42,"date":"2015-11-30T15:41:41","date_gmt":"2015-11-30T14:41:41","guid":{"rendered":"https:\/\/www.vergerdelamauliere.com\/de\/acces\/"},"modified":"2016-12-31T16:57:09","modified_gmt":"2016-12-31T15:57:09","slug":"acces","status":"publish","type":"page","link":"https:\/\/www.vergerdelamauliere.com\/de\/acces\/","title":{"rendered":"Kommen Sie nach Verger"},"content":{"rendered":"<p>[vc_row row_type=&#8220;row&#8220; use_row_as_full_screen_section=&#8220;no&#8220; type=&#8220;full_width&#8220; text_align=&#8220;left&#8220; css_animation=&#8220;&#8220; box_shadow_on_row=&#8220;no&#8220;][vc_column][vc_empty_space image_repeat=&#8220;no-repeat&#8220;][\/vc_column][\/vc_row][vc_row row_type=&#8220;row&#8220; use_row_as_full_screen_section=&#8220;no&#8220; type=&#8220;full_width&#8220; text_align=&#8220;left&#8220; css_animation=&#8220;&#8220; box_shadow_on_row=&#8220;no&#8220;][vc_column][vc_column_text]<\/p>\n<h2 align=\"center\"><span style=\"color: #562b2b; font-size: small;\"><strong><img loading=\"lazy\" decoding=\"async\" class=\"size-full wp-image-525 aligncenter\" src=\"https:\/\/www.vergerdelamauliere.com\/wp-content\/uploads\/2015\/11\/branche.png\" alt=\"branche\" width=\"109\" height=\"67\" \/>Acc\u00e8s<\/strong><\/span><\/h2>\n<h5 align=\"center\"><span style=\"color: #562b2b;\">Venir au g\u00eete Verger de la Mauli\u00e8re<\/span><\/h5>\n<p>[\/vc_column_text][\/vc_column][\/vc_row][vc_row row_type=&#8220;row&#8220; use_row_as_full_screen_section=&#8220;no&#8220; type=&#8220;full_width&#8220; text_align=&#8220;left&#8220; css_animation=&#8220;&#8220; box_shadow_on_row=&#8220;no&#8220;][vc_column][vc_column_text]<\/p>\n<h5 style=\"text-align: center;\">Die Wohnanlage liegt in Audrehem 10 Minuten von der Ausfahrt N\u00b02 der Autobahn A26<\/h5>\n<h5 style=\"text-align: center;\">Adresse :<\/h5>\n<address style=\"text-align: center;\">Au Verger de la Mauli\u00e8re<br \/>\n312, rue de la Quingoie &#8211; 62890 Audrehem<\/address>\n<p>[\/vc_column_text][\/vc_column][\/vc_row][vc_row row_type=&#8220;row&#8220; use_row_as_full_screen_section=&#8220;no&#8220; type=&#8220;full_width&#8220; text_align=&#8220;left&#8220; css_animation=&#8220;&#8220; box_shadow_on_row=&#8220;no&#8220;][vc_column][vc_empty_space image_repeat=&#8220;no-repeat&#8220;][\/vc_column][\/vc_row][vc_row row_type=&#8220;row&#8220; use_row_as_full_screen_section=&#8220;no&#8220; type=&#8220;full_width&#8220; text_align=&#8220;left&#8220; css_animation=&#8220;&#8220; box_shadow_on_row=&#8220;no&#8220;][vc_column][vc_column_text]<iframe loading=\"lazy\" style=\"border: 0;\" src=\"https:\/\/www.google.com\/maps\/embed?pb=!1m18!1m12!1m3!1d166195.18860130745!2d1.8295905887045056!3d50.768565077900796!2m3!1f0!2f0!3f0!3m2!1i1024!2i768!4f13.1!3m3!1m2!1s0x47dc4ec997bf1171%3A0x60484bbc1dd5e469!2s312+Rue+de+la+Quingoie%2C+62890+Audrehem!5e0!3m2!1sfr!2sfr!4v1478789030483\" width=\"100%\" height=\"650\" frameborder=\"0\" allowfullscreen=\"allowfullscreen\"><\/iframe>[\/vc_column_text][\/vc_column][\/vc_row][vc_row row_type=&#8220;row&#8220; use_row_as_full_screen_section=&#8220;no&#8220; type=&#8220;full_width&#8220; text_align=&#8220;left&#8220; css_animation=&#8220;&#8220; box_shadow_on_row=&#8220;no&#8220;][vc_column][vc_empty_space image_repeat=&#8220;no-repeat&#8220;][\/vc_column][\/vc_row][vc_row row_type=&#8220;row&#8220; use_row_as_full_screen_section=&#8220;no&#8220; type=&#8220;full_width&#8220; text_align=&#8220;left&#8220; css_animation=&#8220;&#8220; box_shadow_on_row=&#8220;no&#8220;][vc_column][vc_column_text]<\/p>\n<p style=\"text-align: center;\"><a class=\"qbutton\" href=\"http:\/\/goo.gl\/HJZFwy\">Virtueller Rundgang<\/a><\/p>\n<p>[\/vc_column_text][\/vc_column][\/vc_row]<\/p>\n","protected":false},"excerpt":{"rendered":"<p>[vc_row row_type=&#8220;row&#8220; use_row_as_full_screen_section=&#8220;no&#8220; type=&#8220;full_width&#8220; text_align=&#8220;left&#8220; css_animation=&#8220;&#8220; box_shadow_on_row=&#8220;no&#8220;][vc_column][vc_empty_space image_repeat=&#8220;no-repeat&#8220;][\/vc_column][\/vc_row][vc_row row_type=&#8220;row&#8220; use_row_as_full_screen_section=&#8220;no&#8220; type=&#8220;full_width&#8220; text_align=&#8220;left&#8220; css_animation=&#8220;&#8220; box_shadow_on_row=&#8220;no&#8220;][vc_column][vc_column_text] Acc\u00e8s Venir au g\u00eete Verger de la Mauli\u00e8re [\/vc_column_text][\/vc_column][\/vc_row][vc_row row_type=&#8220;row&#8220; use_row_as_full_screen_section=&#8220;no&#8220; type=&#8220;full_width&#8220; text_align=&#8220;left&#8220; css_animation=&#8220;&#8220; box_shadow_on_row=&#8220;no&#8220;][vc_column][vc_column_text] Die Wohnanlage liegt in Audrehem 10 Minuten von der Ausfahrt N\u00b02 der Autobahn A26 Adresse : Au Verger de la Mauli\u00e8re 312, rue de la Quingoie &#8211; 62890 Audrehem [\/vc_column_text][\/vc_column][\/vc_row][vc_row row_type=&#8220;row&#8220; use_row_as_full_screen_section=&#8220;no&#8220; type=&#8220;full_width&#8220; text_align=&#8220;left&#8220; css_animation=&#8220;&#8220; box_shadow_on_row=&#8220;no&#8220;][vc_column][vc_empty_space image_repeat=&#8220;no-repeat&#8220;][\/vc_column][\/vc_row][vc_row row_type=&#8220;row&#8220; use_row_as_full_screen_section=&#8220;no&#8220; type=&#8220;full_width&#8220; text_align=&#8220;left&#8220; css_animation=&#8220;&#8220; box_shadow_on_row=&#8220;no&#8220;][vc_column][vc_column_text][\/vc_column_text][\/vc_column][\/vc_row][vc_row row_type=&#8220;row&#8220; use_row_as_full_screen_section=&#8220;no&#8220; type=&#8220;full_width&#8220; text_align=&#8220;left&#8220; css_animation=&#8220;&#8220; box_shadow_on_row=&#8220;no&#8220;][vc_column][vc_empty_space image_repeat=&#8220;no-repeat&#8220;][\/vc_column][\/vc_row][vc_row row_type=&#8220;row&#8220; use_row_as_full_screen_section=&#8220;no&#8220; type=&#8220;full_width&#8220; text_align=&#8220;left&#8220; css_animation=&#8220;&#8220; box_shadow_on_row=&#8220;no&#8220;][vc_column][vc_column_text] Virtueller Rundgang [\/vc_column_text][\/vc_column][\/vc_row]<\/p>\n","protected":false},"author":1,"featured_media":0,"parent":0,"menu_order":13,"comment_status":"closed","ping_status":"closed","template":"full_width.php","meta":{"footnotes":""},"class_list":["post-42","page","type-page","status-publish","hentry"],"_links":{"self":[{"href":"https:\/\/www.vergerdelamauliere.com\/de\/wp-json\/wp\/v2\/pages\/42","targetHints":{"allow":["GET"]}}],"collection":[{"href":"https:\/\/www.vergerdelamauliere.com\/de\/wp-json\/wp\/v2\/pages"}],"about":[{"href":"https:\/\/www.vergerdelamauliere.com\/de\/wp-json\/wp\/v2\/types\/page"}],"author":[{"embeddable":true,"href":"https:\/\/www.vergerdelamauliere.com\/de\/wp-json\/wp\/v2\/users\/1"}],"replies":[{"embeddable":true,"href":"https:\/\/www.vergerdelamauliere.com\/de\/wp-json\/wp\/v2\/comments?post=42"}],"version-history":[{"count":32,"href":"https:\/\/www.vergerdelamauliere.com\/de\/wp-json\/wp\/v2\/pages\/42\/revisions"}],"predecessor-version":[{"id":1365,"href":"https:\/\/www.vergerdelamauliere.com\/de\/wp-json\/wp\/v2\/pages\/42\/revisions\/1365"}],"wp:attachment":[{"href":"https:\/\/www.vergerdelamauliere.com\/de\/wp-json\/wp\/v2\/media?parent=42"}],"curies":[{"name":"wp","href":"https:\/\/api.w.org\/{rel}","templated":true}]}}