{"id":37,"date":"2015-11-30T15:41:11","date_gmt":"2015-11-30T14:41:11","guid":{"rendered":"https:\/\/www.vergerdelamauliere.com\/de\/tarifs-et-disponiblites\/"},"modified":"2026-04-04T16:37:19","modified_gmt":"2026-04-04T15:37:19","slug":"tarifs-et-disponiblites","status":"publish","type":"page","link":"https:\/\/www.vergerdelamauliere.com\/de\/tarifs-et-disponiblites\/","title":{"rendered":"Tarife und Verf\u00fcgbarkeit"},"content":{"rendered":"<p>[vc_row css_animation=&#8220;&#8220; row_type=&#8220;row&#8220; use_row_as_full_screen_section=&#8220;no&#8220; type=&#8220;full_width&#8220; text_align=&#8220;left&#8220; box_shadow_on_row=&#8220;no&#8220;][vc_column]<\/p>\n<p>[vc_empty_space image_repeat=&#8220;no-repeat&#8220;]<\/p>\n<p>[\/vc_column][\/vc_row][vc_row css_animation=&#8220;&#8220; row_type=&#8220;row&#8220; use_row_as_full_screen_section=&#8220;no&#8220; type=&#8220;full_width&#8220; text_align=&#8220;left&#8220; box_shadow_on_row=&#8220;no&#8220;][vc_column][vc_column_text]<\/p>\n<h2 align=\"center\"><span style=\"color: #562b2b; font-size: small;\" data-mce-style=\"color: #562b2b; font-size: small;\"><strong><img loading=\"lazy\" decoding=\"async\" class=\"size-full wp-image-525 aligncenter\" src=\"https:\/\/www.vergerdelamauliere.com\/wp-content\/uploads\/2015\/11\/branche.png\" alt=\"branche\" width=\"109\" height=\"67\" data-mce-src=\"https:\/\/www.vergerdelamauliere.com\/wp-content\/uploads\/2015\/11\/branche.png\"><\/strong><\/span><\/h2>\n<h2 align=\"center\"><span style=\"color: #562b2b; font-size: small;\" data-mce-style=\"color: #562b2b; font-size: small;\"><strong>Tarife und Verf\u00fcgbarkeit<br \/><\/strong><\/span><\/h2>\n<h5 align=\"center\"><span style=\"color: #562b2b;\" data-mce-style=\"color: #562b2b;\">Hier unsere Tarife f\u00fcr eine Woche (alle Kosten inbegriffen) f\u00fcr die Wohnanlage &#8222;Verger de la Mauli\u00e8re&#8220;<\/span><\/h5>\n<h5 align=\"center\"><\/h5>\n<p>[\/vc_column_text][\/vc_column][\/vc_row][vc_row css_animation=&#8220;&#8220; row_type=&#8220;row&#8220; use_row_as_full_screen_section=&#8220;no&#8220; type=&#8220;full_width&#8220; text_align=&#8220;left&#8220; box_shadow_on_row=&#8220;no&#8220;][vc_column]<\/p>\n<p>[vc_empty_space image_repeat=&#8220;no-repeat&#8220;]<\/p>\n<p>[\/vc_column][\/vc_row][vc_row css_animation=&#8220;&#8220; row_type=&#8220;row&#8220; use_row_as_full_screen_section=&#8220;no&#8220; type=&#8220;full_width&#8220; text_align=&#8220;left&#8220; box_shadow_on_row=&#8220;no&#8220;][vc_column width=&#8220;1\/2&#8243;][vc_column_text]<\/p>\n<table class=\"mce-item-table\">\n<tbody>\n<tr>\n<td>Januar<\/td>\n<td>420*<\/td>\n<\/tr>\n<tr>\n<td>Februar<\/td>\n<td>420*<\/td>\n<\/tr>\n<tr>\n<td>M\u00e4rz<\/td>\n<td>420*<\/td>\n<\/tr>\n<tr>\n<td>April<\/td>\n<td>420*<\/td>\n<\/tr>\n<tr>\n<td>Mai<\/td>\n<td>440*<\/td>\n<\/tr>\n<tr>\n<td>Juni<\/td>\n<td>450*<\/td>\n<\/tr>\n<tr>\n<td>Juli<\/td>\n<td>610*<\/td>\n<\/tr>\n<tr>\n<td>August<\/td>\n<td>610*<\/td>\n<\/tr>\n<tr>\n<td>September<\/td>\n<td>440*<\/td>\n<\/tr>\n<tr>\n<td>Oktober<\/td>\n<td>420*<\/td>\n<\/tr>\n<tr>\n<td>November<\/td>\n<td>420*<\/td>\n<\/tr>\n<tr>\n<td>Dezember<em> (ohne Feste am Jahresende)<\/em><\/td>\n<td>420*<\/td>\n<\/tr>\n<tr>\n<td>Weihnachten oder Silvester<\/td>\n<td>490*<\/td>\n<\/tr>\n<tr>\n<td>Week-end-Tarife <em>(2 N\u00e4chte) nach Verf\u00fcgbarkeiten<\/em><br \/><em>Au\u00dfer Juli, August und Schulferien<\/em><\/td>\n<td>240*<\/td>\n<\/tr>\n<tr>\n<td>Mid-week m\u00f6glisch<br \/><em>(vom 2 N\u00e4chste)<\/em><br \/>Au\u00dfer Juli, August und Schulferien<\/td>\n<td>Fragen Sie uns<\/td>\n<\/tr>\n<\/tbody>\n<\/table>\n<p>[\/vc_column_text][\/vc_column][vc_column width=&#8220;1\/2&#8243;][vc_column_text]<\/p>\n<p>Die Preise verstehen sich von Samstag 16 h bis zum darauffolgenden Samstag 10 h, alle Kosten inbegriffen (mit Ausnahme der Kurtaxe)&nbsp; Die Wohnanlage ist zu reinigen. Ist dies nicht der Fall, werden sie mit 50 \u20ac in Rechnung gestellt.<\/p>\n<h5>*<\/h5>\n<h5>*Frais compl\u00e9mentaires :<\/h5>\n<p>*<strong>Zus\u00e4tzliche Kosten : <br \/><\/strong>Empfang Ihres Haustieres: Zuschlag: 2 \u20ac\/Hund\/Tag<\/p>\n<h5>Zus\u00e4tzliche Dienstleistungen<\/h5>\n<p>\u2022 Haushalt am Ende des Aufenthaltes &#8211; Pauschale : 50 \u20ac<br \/>\u2022 M\u00f6glichkeit der Bettw\u00e4sche und Badehandt\u00fccher<br \/>\u2022 Leint\u00fccher : 12 \u20ac\/Bett<br \/>\u2022 Badehandt\u00fccher : 20 \u20ac f\u00fcr 4 Personen (einschlie\u00dflich 1 Badetuch, 1 Handtuch und ein Waschlappen pro Person)<\/p>\n<h5>F\u00fcr alle Fragen :Tel. +33 3 21 35 62 48<br \/>Rufen Sie am Abend nach 20h30 an !<\/h5>\n<p><\/p>\n<p>[\/vc_column_text][vc_column_text]<br \/>\n<strong>Verf\u00fcgbarkeit 2026 <\/strong>Mise \u00e0 jour en continu<\/p>\n<p><strong>April 2026<\/strong> : vom 01\/04 bis zum 14\/04<br \/><strong>May 2026<\/strong> : vom 04\/05 bis zum 23\/05<br \/><strong>Juni 2026<\/strong> : vom 30\/05\u00a0 bis zum 30\/06<br \/><strong>Juli 2026<\/strong> : vom 27\/06 bis zum 01\/08<br \/><strong>August 2026<\/strong> : vom 01\/08 bis zum 15\/08<br \/><strong>September 2026<\/strong> : vom 05\/09 bis zum 03\/10<br \/><strong>October 2026<\/strong> : vom 26\/09 bis zum 03\/10<br \/><strong>November 2026<\/strong> : vom 01\/11 bis zum 05\/12<br \/><strong>Dezember 2026<\/strong> : vom 28\/11 bis zum 02\/01\/2027 [\/vc_column_text][\/vc_column][\/vc_row][vc_row css_animation=&#8220;&#8220; row_type=&#8220;row&#8220; use_row_as_full_screen_section=&#8220;no&#8220; type=&#8220;full_width&#8220; text_align=&#8220;left&#8220; box_shadow_on_row=&#8220;no&#8220;][vc_column]<\/p>\n<p>[vc_empty_space image_repeat=&#8220;no-repeat&#8220;]<\/p>\n<p>[\/vc_column][\/vc_row][vc_row css_animation=&#8220;&#8220; row_type=&#8220;row&#8220; use_row_as_full_screen_section=&#8220;no&#8220; type=&#8220;full_width&#8220; text_align=&#8220;left&#8220; box_shadow_on_row=&#8220;no&#8220;][vc_column width=&#8220;1\/4&#8243;][\/vc_column][vc_column width=&#8220;1\/2&#8243;][vc_column_text]<\/p>\n<h3 style=\"text-align: center;\" data-mce-style=\"text-align: center;\">Buchungsanfrage<\/h3>\n<p class=\"p1\"><span class=\"s1\">Die Felder mit * sind obligatorisch.<br \/>W\u00e4hlen Sie Ihre Datum aus<br \/><\/span><\/p>\n<script type=\"text\/javascript\">\n\/* <![CDATA[ *\/\nvar gform;gform||(document.addEventListener(\"gform_main_scripts_loaded\",function(){gform.scriptsLoaded=!0}),document.addEventListener(\"gform\/theme\/scripts_loaded\",function(){gform.themeScriptsLoaded=!0}),window.addEventListener(\"DOMContentLoaded\",function(){gform.domLoaded=!0}),gform={domLoaded:!1,scriptsLoaded:!1,themeScriptsLoaded:!1,isFormEditor:()=>\"function\"==typeof InitializeEditor,callIfLoaded:function(o){return!(!gform.domLoaded||!gform.scriptsLoaded||!gform.themeScriptsLoaded&&!gform.isFormEditor()||(gform.isFormEditor()&&console.warn(\"The use of gform.initializeOnLoaded() is deprecated in the form editor context and will be removed in Gravity Forms 3.1.\"),o(),0))},initializeOnLoaded:function(o){gform.callIfLoaded(o)||(document.addEventListener(\"gform_main_scripts_loaded\",()=>{gform.scriptsLoaded=!0,gform.callIfLoaded(o)}),document.addEventListener(\"gform\/theme\/scripts_loaded\",()=>{gform.themeScriptsLoaded=!0,gform.callIfLoaded(o)}),window.addEventListener(\"DOMContentLoaded\",()=>{gform.domLoaded=!0,gform.callIfLoaded(o)}))},hooks:{action:{},filter:{}},addAction:function(o,r,e,t){gform.addHook(\"action\",o,r,e,t)},addFilter:function(o,r,e,t){gform.addHook(\"filter\",o,r,e,t)},doAction:function(o){gform.doHook(\"action\",o,arguments)},applyFilters:function(o){return gform.doHook(\"filter\",o,arguments)},removeAction:function(o,r){gform.removeHook(\"action\",o,r)},removeFilter:function(o,r,e){gform.removeHook(\"filter\",o,r,e)},addHook:function(o,r,e,t,n){null==gform.hooks[o][r]&&(gform.hooks[o][r]=[]);var d=gform.hooks[o][r];null==n&&(n=r+\"_\"+d.length),gform.hooks[o][r].push({tag:n,callable:e,priority:t=null==t?10:t})},doHook:function(r,o,e){var t;if(e=Array.prototype.slice.call(e,1),null!=gform.hooks[r][o]&&((o=gform.hooks[r][o]).sort(function(o,r){return o.priority-r.priority}),o.forEach(function(o){\"function\"!=typeof(t=o.callable)&&(t=window[t]),\"action\"==r?t.apply(null,e):e[0]=t.apply(null,e)})),\"filter\"==r)return e[0]},removeHook:function(o,r,t,n){var e;null!=gform.hooks[o][r]&&(e=(e=gform.hooks[o][r]).filter(function(o,r,e){return!!(null!=n&&n!=o.tag||null!=t&&t!=o.priority)}),gform.hooks[o][r]=e)}});\n\/* ]]> *\/\n<\/script>\n\n                <div class='gf_browser_gecko gform_wrapper gform_legacy_markup_wrapper gform-theme--no-framework' data-form-theme='legacy' data-form-index='0' id='gform_wrapper_2' ><form method='post' enctype='multipart\/form-data'  id='gform_2'  action='\/de\/wp-json\/wp\/v2\/pages\/37' data-formid='2' novalidate>\n                        <div class='gform-body gform_body'><ul id='gform_fields_2' class='gform_fields top_label form_sublabel_below description_below validation_below'><li id=\"field_2_1\" class=\"gfield gfield--type-name gfield_contains_required field_sublabel_below gfield--no-description field_description_below field_validation_below gfield_visibility_visible\"  ><label class='gfield_label gform-field-label gfield_label_before_complex' >Ihr Name<span class=\"gfield_required\"><span class=\"gfield_required gfield_required_asterisk\">*<\/span><\/span><\/label><div class='ginput_complex ginput_container ginput_container--name has_prefix has_first_name no_middle_name has_last_name no_suffix gf_name_has_3 ginput_container_name gform-grid-row' id='input_2_1'>\n                            <span id='input_2_1_2_container' class='name_prefix name_prefix_select gform-grid-col gform-grid-col--size-auto' >\n                                                    <select name='input_1.2' id='input_2_1_2'    aria-required='false'   >\n                          <option value=''><\/option><option value='M.' >M.<\/option><option value='Mme' >Mme<\/option><option value='Mlle' >Mlle<\/option>\n                      <\/select>\n                                                    <label for='input_2_1_2' class='gform-field-label gform-field-label--type-sub '>Familienstand<\/label>\n                                                  <\/span>\n                            <span id='input_2_1_3_container' class='name_first gform-grid-col gform-grid-col--size-auto' >\n                                                    <input type='text' name='input_1.3' id='input_2_1_3' value=''   aria-required='true'     \/>\n                                                    <label for='input_2_1_3' class='gform-field-label gform-field-label--type-sub '>Vorname<\/label>\n                                                <\/span>\n                            \n                            <span id='input_2_1_6_container' class='name_last gform-grid-col gform-grid-col--size-auto' >\n                                                    <input type='text' name='input_1.6' id='input_2_1_6' value=''   aria-required='true'     \/>\n                                                    <label for='input_2_1_6' class='gform-field-label gform-field-label--type-sub '>Nachname<\/label>\n                                                <\/span>\n                            \n                        <\/div><\/li><li id=\"field_2_2\" class=\"gfield gfield--type-phone gfield_contains_required field_sublabel_below gfield--no-description field_description_below field_validation_below gfield_visibility_visible\"  ><label class='gfield_label gform-field-label' for='input_2_2'>Ihre Telefon-Nummer<span class=\"gfield_required\"><span class=\"gfield_required gfield_required_asterisk\">*<\/span><\/span><\/label><div class='ginput_container ginput_container_phone'><input name='input_2' id='input_2_2' type='tel' value='' class='medium'   aria-required=\"true\" aria-invalid=\"false\"   \/><\/div><\/li><li id=\"field_2_3\" class=\"gfield gfield--type-email gfield_contains_required field_sublabel_below gfield--no-description field_description_below field_validation_below gfield_visibility_visible\"  ><label class='gfield_label gform-field-label' for='input_2_3'>Ihre e-Mail-Adresse<span class=\"gfield_required\"><span class=\"gfield_required gfield_required_asterisk\">*<\/span><\/span><\/label><div class='ginput_container ginput_container_email'>\n                            <input name='input_3' id='input_2_3' type='email' value='' class='medium'    aria-required=\"true\" aria-invalid=\"false\"  \/>\n                        <\/div><\/li><li id=\"field_2_4\" class=\"gfield gfield--type-date gfield--input-type-datepicker gfield--datepicker-default-icon gfield_contains_required field_sublabel_below gfield--no-description field_description_below field_validation_below gfield_visibility_visible\"  ><label class='gfield_label gform-field-label' for='input_2_4'>Anreisedatum<span class=\"gfield_required\"><span class=\"gfield_required gfield_required_asterisk\">*<\/span><\/span><\/label><div class='ginput_container ginput_container_date'>\n                            <input name='input_4' id='input_2_4' type='text' value='' class='datepicker gform-datepicker dmy datepicker_with_icon gdatepicker_with_icon'   placeholder='dd\/mm\/yyyy' aria-describedby=\"input_2_4_date_format\" aria-invalid=\"false\" aria-required=\"true\"\/>\n                            <span id='input_2_4_date_format' class='screen-reader-text'>TT Schr\u00e4gstrich MM Schr\u00e4gstrich JJJJ<\/span>\n                        <\/div>\n                        <input type='hidden' id='gforms_calendar_icon_input_2_4' class='gform_hidden' value='https:\/\/www.vergerdelamauliere.com\/wp-content\/plugins\/gravityforms\/images\/datepicker\/datepicker.svg'\/><\/li><li id=\"field_2_5\" class=\"gfield gfield--type-date gfield--input-type-datepicker gfield--datepicker-default-icon gfield_contains_required field_sublabel_below gfield--no-description field_description_below field_validation_below gfield_visibility_visible\"  ><label class='gfield_label gform-field-label' for='input_2_5'>Abreisedatum<span class=\"gfield_required\"><span class=\"gfield_required gfield_required_asterisk\">*<\/span><\/span><\/label><div class='ginput_container ginput_container_date'>\n                            <input name='input_5' id='input_2_5' type='text' value='' class='datepicker gform-datepicker dmy datepicker_with_icon gdatepicker_with_icon'   placeholder='dd\/mm\/yyyy' aria-describedby=\"input_2_5_date_format\" aria-invalid=\"false\" aria-required=\"true\"\/>\n                            <span id='input_2_5_date_format' class='screen-reader-text'>TT Schr\u00e4gstrich MM Schr\u00e4gstrich JJJJ<\/span>\n                        <\/div>\n                        <input type='hidden' id='gforms_calendar_icon_input_2_5' class='gform_hidden' value='https:\/\/www.vergerdelamauliere.com\/wp-content\/plugins\/gravityforms\/images\/datepicker\/datepicker.svg'\/><\/li><li id=\"field_2_6\" class=\"gfield gfield--type-number gfield_contains_required field_sublabel_below gfield--no-description field_description_below field_validation_below gfield_visibility_visible\"  ><label class='gfield_label gform-field-label' for='input_2_6'>Zahl der Erwachsenen<span class=\"gfield_required\"><span class=\"gfield_required gfield_required_asterisk\">*<\/span><\/span><\/label><div class='ginput_container ginput_container_number'><input name='input_6' id='input_2_6' type='number' step='any' min='1' max='6' value='2' class='medium'     aria-required=\"true\" aria-invalid=\"false\" aria-describedby=\"gfield_instruction_2_6\" \/><div class='gfield_description instruction ' id='gfield_instruction_2_6'>Bitte gib eine Zahl von <strong>1<\/strong> bis <strong>6<\/strong> ein.<\/div><\/div><\/li><li id=\"field_2_7\" class=\"gfield gfield--type-number gfield_contains_required field_sublabel_below gfield--no-description field_description_below field_validation_below gfield_visibility_visible\"  ><label class='gfield_label gform-field-label' for='input_2_7'>Zahl der Kinder \u2028(-12Jahre)<span class=\"gfield_required\"><span class=\"gfield_required gfield_required_asterisk\">*<\/span><\/span><\/label><div class='ginput_container ginput_container_number'><input name='input_7' id='input_2_7' type='number' step='any' min='0' max='5' value='0' class='medium'     aria-required=\"true\" aria-invalid=\"false\" aria-describedby=\"gfield_instruction_2_7\" \/><div class='gfield_description instruction ' id='gfield_instruction_2_7'>Bitte gib eine Zahl von <strong>0<\/strong> bis <strong>5<\/strong> ein.<\/div><\/div><\/li><li id=\"field_2_8\" class=\"gfield gfield--type-textarea field_sublabel_below gfield--no-description field_description_below field_validation_below gfield_visibility_visible\"  ><label class='gfield_label gform-field-label' for='input_2_8'>Bemerkungen\/Botschaft<\/label><div class='ginput_container ginput_container_textarea'><textarea name='input_8' id='input_2_8' class='textarea medium'      aria-invalid=\"false\"   rows='10' cols='50'><\/textarea><\/div><\/li><\/ul><\/div>\n        <div class='gform-footer gform_footer top_label'> <input type='submit' id='gform_submit_button_2' class='gform_button button' onclick='gform.submission.handleButtonClick(this);' data-submission-type='submit' value='Send'  \/> \n            <input type='hidden' class='gform_hidden' name='gform_submission_method' data-js='gform_submission_method_2' value='postback' \/>\n            <input type='hidden' class='gform_hidden' name='gform_theme' data-js='gform_theme_2' id='gform_theme_2' value='legacy' \/>\n            <input type='hidden' class='gform_hidden' name='gform_style_settings' data-js='gform_style_settings_2' id='gform_style_settings_2' value='[]' \/>\n            <input type='hidden' class='gform_hidden' name='is_submit_2' value='1' \/>\n            <input type='hidden' class='gform_hidden' name='gform_submit' value='2' \/>\n            \n            <input type='hidden' class='gform_hidden' name='gform_currency' data-currency='EUR' value='+5gjcOVm4A7cJAsyaaHTLpdWNjoqp7gv7+exgT6TS9TGQZYPyXHx\/VhUkOUcP4erXki7Zor9EzIPfrrkAEdKDWkiGwU4SRJ8J49w+iXOQQuulJM=' \/>\n            <input type='hidden' class='gform_hidden' name='gform_unique_id' value='' \/>\n            <input type='hidden' class='gform_hidden' name='state_2' value='WyJbXSIsImQ3MDAxMzMxMGY2ODAxZmFmYzE5NmRhYjVlYzZkNzFlIl0=' \/>\n            <input type='hidden' autocomplete='off' class='gform_hidden' name='gform_target_page_number_2' id='gform_target_page_number_2' value='0' \/>\n            <input type='hidden' autocomplete='off' class='gform_hidden' name='gform_source_page_number_2' id='gform_source_page_number_2' value='1' \/>\n            <input type='hidden' name='gform_field_values' value='' \/>\n            \n        <\/div>\n                        <\/form>\n                        <\/div><script type=\"text\/javascript\">\n\/* <![CDATA[ *\/\n gform.initializeOnLoaded( function() {gformInitSpinner( 2, 'https:\/\/www.vergerdelamauliere.com\/wp-content\/plugins\/gravityforms\/images\/spinner.svg', true );jQuery('#gform_ajax_frame_2').on('load',function(){var contents = jQuery(this).contents().find('*').html();var is_postback = contents.indexOf('GF_AJAX_POSTBACK') >= 0;if(!is_postback){return;}var form_content = jQuery(this).contents().find('#gform_wrapper_2');var is_confirmation = jQuery(this).contents().find('#gform_confirmation_wrapper_2').length > 0;var is_redirect = contents.indexOf('gformRedirect(){') >= 0;var is_form = form_content.length > 0 && ! is_redirect && ! is_confirmation;var mt = parseInt(jQuery('html').css('margin-top'), 10) + parseInt(jQuery('body').css('margin-top'), 10) + 100;if(is_form){jQuery('#gform_wrapper_2').html(form_content.html());if(form_content.hasClass('gform_validation_error')){jQuery('#gform_wrapper_2').addClass('gform_validation_error');} else {jQuery('#gform_wrapper_2').removeClass('gform_validation_error');}setTimeout( function() { \/* delay the scroll by 50 milliseconds to fix a bug in chrome *\/  }, 50 );if(window['gformInitDatepicker']) {gformInitDatepicker();}if(window['gformInitPriceFields']) {gformInitPriceFields();}var current_page = jQuery('#gform_source_page_number_2').val();gformInitSpinner( 2, 'https:\/\/www.vergerdelamauliere.com\/wp-content\/plugins\/gravityforms\/images\/spinner.svg', true );jQuery(document).trigger('gform_page_loaded', [2, current_page]);window['gf_submitting_2'] = false;}else if(!is_redirect){var confirmation_content = jQuery(this).contents().find('.GF_AJAX_POSTBACK').html();if(!confirmation_content){confirmation_content = contents;}jQuery('#gform_wrapper_2').replaceWith(confirmation_content);jQuery(document).trigger('gform_confirmation_loaded', [2]);window['gf_submitting_2'] = false;wp.a11y.speak(jQuery('#gform_confirmation_message_2').text());}else{jQuery('#gform_2').append(contents);if(window['gformRedirect']) {gformRedirect();}}jQuery(document).trigger(\"gform_pre_post_render\", [{ formId: \"2\", currentPage: \"current_page\", abort: function() { this.preventDefault(); } }]);        if (event && event.defaultPrevented) {                return;        }        const gformWrapperDiv = document.getElementById( \"gform_wrapper_2\" );        if ( gformWrapperDiv ) {            const visibilitySpan = document.createElement( \"span\" );            visibilitySpan.id = \"gform_visibility_test_2\";            gformWrapperDiv.insertAdjacentElement( \"afterend\", visibilitySpan );        }        const visibilityTestDiv = document.getElementById( \"gform_visibility_test_2\" );        let postRenderFired = false;        function triggerPostRender() {            if ( postRenderFired ) {                return;            }            postRenderFired = true;            gform.core.triggerPostRenderEvents( 2, current_page );            if ( visibilityTestDiv ) {                visibilityTestDiv.parentNode.removeChild( visibilityTestDiv );            }        }        function debounce( func, wait, immediate ) {            var timeout;            return function() {                var context = this, args = arguments;                var later = function() {                    timeout = null;                    if ( !immediate ) func.apply( context, args );                };                var callNow = immediate && !timeout;                clearTimeout( timeout );                timeout = setTimeout( later, wait );                if ( callNow ) func.apply( context, args );            };        }        const debouncedTriggerPostRender = debounce( function() {            triggerPostRender();        }, 200 );        if ( visibilityTestDiv && visibilityTestDiv.offsetParent === null ) {            const observer = new MutationObserver( ( mutations ) => {                mutations.forEach( ( mutation ) => {                    if ( mutation.type === 'attributes' && visibilityTestDiv.offsetParent !== null ) {                        debouncedTriggerPostRender();                        observer.disconnect();                    }                });            });            observer.observe( document.body, {                attributes: true,                childList: false,                subtree: true,                attributeFilter: [ 'style', 'class' ],            });        } else {            triggerPostRender();        }    } );} ); \n\/* ]]> *\/\n<\/script>\n\n<p>[\/vc_column_text][\/vc_column][vc_column width=&#8220;1\/4&#8243;][\/vc_column][\/vc_row]<\/p>\n","protected":false},"excerpt":{"rendered":"<p>[vc_row css_animation=&#8220;&#8220; row_type=&#8220;row&#8220; use_row_as_full_screen_section=&#8220;no&#8220; type=&#8220;full_width&#8220; text_align=&#8220;left&#8220; box_shadow_on_row=&#8220;no&#8220;][vc_column] [vc_empty_space image_repeat=&#8220;no-repeat&#8220;] [\/vc_column][\/vc_row][vc_row css_animation=&#8220;&#8220; row_type=&#8220;row&#8220; use_row_as_full_screen_section=&#8220;no&#8220; type=&#8220;full_width&#8220; text_align=&#8220;left&#8220; box_shadow_on_row=&#8220;no&#8220;][vc_column][vc_column_text] Tarife und Verf\u00fcgbarkeit Hier unsere Tarife f\u00fcr eine Woche (alle Kosten inbegriffen) f\u00fcr die Wohnanlage &#8222;Verger de la Mauli\u00e8re&#8220; [\/vc_column_text][\/vc_column][\/vc_row][vc_row css_animation=&#8220;&#8220; row_type=&#8220;row&#8220; use_row_as_full_screen_section=&#8220;no&#8220; type=&#8220;full_width&#8220; text_align=&#8220;left&#8220; box_shadow_on_row=&#8220;no&#8220;][vc_column] [vc_empty_space image_repeat=&#8220;no-repeat&#8220;] [\/vc_column][\/vc_row][vc_row css_animation=&#8220;&#8220; row_type=&#8220;row&#8220; use_row_as_full_screen_section=&#8220;no&#8220; type=&#8220;full_width&#8220; text_align=&#8220;left&#8220; box_shadow_on_row=&#8220;no&#8220;][vc_column width=&#8220;1\/2&#8243;][vc_column_text] Januar 420* Februar 420* M\u00e4rz 420* April 420* Mai 440* Juni 450* Juli 610* August 610* September 440* Oktober 420* November 420* Dezember (ohne Feste am Jahresende) 420* Weihnachten oder Silvester 490* Week-end-Tarife (2 N\u00e4chte) nach Verf\u00fcgbarkeitenAu\u00dfer Juli,&#8230;<\/p>\n","protected":false},"author":1,"featured_media":0,"parent":0,"menu_order":9,"comment_status":"closed","ping_status":"closed","template":"blog-masonry.php","meta":{"footnotes":""},"class_list":["post-37","page","type-page","status-publish","hentry"],"_links":{"self":[{"href":"https:\/\/www.vergerdelamauliere.com\/de\/wp-json\/wp\/v2\/pages\/37","targetHints":{"allow":["GET"]}}],"collection":[{"href":"https:\/\/www.vergerdelamauliere.com\/de\/wp-json\/wp\/v2\/pages"}],"about":[{"href":"https:\/\/www.vergerdelamauliere.com\/de\/wp-json\/wp\/v2\/types\/page"}],"author":[{"embeddable":true,"href":"https:\/\/www.vergerdelamauliere.com\/de\/wp-json\/wp\/v2\/users\/1"}],"replies":[{"embeddable":true,"href":"https:\/\/www.vergerdelamauliere.com\/de\/wp-json\/wp\/v2\/comments?post=37"}],"version-history":[{"count":661,"href":"https:\/\/www.vergerdelamauliere.com\/de\/wp-json\/wp\/v2\/pages\/37\/revisions"}],"predecessor-version":[{"id":3697,"href":"https:\/\/www.vergerdelamauliere.com\/de\/wp-json\/wp\/v2\/pages\/37\/revisions\/3697"}],"wp:attachment":[{"href":"https:\/\/www.vergerdelamauliere.com\/de\/wp-json\/wp\/v2\/media?parent=37"}],"curies":[{"name":"wp","href":"https:\/\/api.w.org\/{rel}","templated":true}]}}