{"id":26,"date":"2015-11-30T15:38:31","date_gmt":"2015-11-30T14:38:31","guid":{"rendered":"https:\/\/www.vergerdelamauliere.com\/de\/verger-de-mauliere\/histoire\/"},"modified":"2016-12-31T16:33:06","modified_gmt":"2016-12-31T15:33:06","slug":"histoire","status":"publish","type":"page","link":"https:\/\/www.vergerdelamauliere.com\/de\/verger-de-mauliere\/histoire\/","title":{"rendered":"Geschichte"},"content":{"rendered":"<p>[vc_row row_type=&#8220;row&#8220; use_row_as_full_screen_section=&#8220;no&#8220; type=&#8220;full_width&#8220; text_align=&#8220;left&#8220; css_animation=&#8220;&#8220; box_shadow_on_row=&#8220;no&#8220;][vc_column][vc_empty_space image_repeat=&#8220;no-repeat&#8220;][\/vc_column][\/vc_row][vc_row row_type=&#8220;row&#8220; use_row_as_full_screen_section=&#8220;no&#8220; type=&#8220;full_width&#8220; text_align=&#8220;left&#8220; css_animation=&#8220;&#8220; box_shadow_on_row=&#8220;no&#8220;][vc_column][vc_column_text]<\/p>\n<h2 align=\"center\"><span style=\"color: #562b2b; font-size: small;\"><strong><img loading=\"lazy\" decoding=\"async\" class=\"size-full wp-image-525 aligncenter\" src=\"https:\/\/www.vergerdelamauliere.com\/wp-content\/uploads\/2015\/11\/branche.png\" alt=\"branche\" width=\"109\" height=\"67\" \/><\/strong><\/span><\/h2>\n<h2 align=\"center\"><span style=\"color: #562b2b; font-size: small;\"><strong>L\u2019HISTOIRE<\/strong><\/span><\/h2>\n<h5 align=\"center\"><span style=\"color: #562b2b;\">Ce g\u00eete est avant tout l&#8217;histoire d&#8217;un attachement familial&#8230;<\/span><\/h5>\n<p>[\/vc_column_text][\/vc_column][\/vc_row][vc_row row_type=&#8220;row&#8220; use_row_as_full_screen_section=&#8220;no&#8220; type=&#8220;full_width&#8220; text_align=&#8220;left&#8220; css_animation=&#8220;&#8220; box_shadow_on_row=&#8220;no&#8220;][vc_column][vc_empty_space image_repeat=&#8220;no-repeat&#8220;][\/vc_column][\/vc_row][vc_row row_type=&#8220;row&#8220; use_row_as_full_screen_section=&#8220;no&#8220; type=&#8220;full_width&#8220; text_align=&#8220;left&#8220; css_animation=&#8220;&#8220; box_shadow_on_row=&#8220;no&#8220;][vc_column width=&#8220;1\/2&#8243;][vc_column_text]<\/p>\n<h5>Es befindet sich in der Heimatstadt meiner Mutter, erbte sie diese Eigenschaft gibt es fast 25 Jahren.<\/h5>\n<p>Es war ein altes Bauernhaus, mit seinem niedrigen Haus, eine Scheune, eine gro\u00dfe Weide auf einem Gebiet, das hie\u00df die Molli\u00e8re &#8230; Mein Vater dann komplett renoviert unter Beibehaltung der Geist des Ortes.<\/p>\n<p>Dann machte ich mich zu Hause. Sie lieben die Natur, wie mein Vater, mit ihm, ich habe meine Obstgarten durch das Pflanzen von Apfel, Birne und Pflaume f\u00fcr unsere Freude erstellt.<\/p>\n<p>Und ich verheiratet. Sehr zu diesem Haus verbunden, war es unm\u00f6glich zu vermieten Jahres oder zu verkaufen. Ich entschied mich, es ist ein Ferienhaus zu machen. Es ist ein Weg, um es zu halten, um seine Authentizit\u00e4t zu bewahren, w\u00e4hrend man andere, die Gelegenheit, um unsere sch\u00f6ne C\u00f4te d&#8217;Opale Erfahrung zu genie\u00dfen, zwischen dem Meer, die Landschaft und S\u00fcmpfe.<\/p>\n<p>[\/vc_column_text][\/vc_column][vc_column width=&#8220;1\/2&#8243;][vc_column_text]<span style=\"color: #ffffff;\">.<\/span><br \/>\n<img loading=\"lazy\" decoding=\"async\" class=\"alignnone size-full wp-image-267\" src=\"https:\/\/www.vergerdelamauliere.com\/wp-content\/uploads\/2015\/11\/photo.gite_verger_de_la_mauliere_histoire2.jpg\" alt=\"photo.gite_verger_de_la_mauliere_histoire2\" width=\"576\" height=\"383\" srcset=\"https:\/\/www.vergerdelamauliere.com\/wp-content\/uploads\/2015\/11\/photo.gite_verger_de_la_mauliere_histoire2.jpg 576w, https:\/\/www.vergerdelamauliere.com\/wp-content\/uploads\/2015\/11\/photo.gite_verger_de_la_mauliere_histoire2-300x199.jpg 300w\" sizes=\"auto, (max-width: 576px) 100vw, 576px\" \/>[\/vc_column_text][\/vc_column][\/vc_row]<\/p>\n","protected":false},"excerpt":{"rendered":"<p>[vc_row row_type=&#8220;row&#8220; use_row_as_full_screen_section=&#8220;no&#8220; type=&#8220;full_width&#8220; text_align=&#8220;left&#8220; css_animation=&#8220;&#8220; box_shadow_on_row=&#8220;no&#8220;][vc_column][vc_empty_space image_repeat=&#8220;no-repeat&#8220;][\/vc_column][\/vc_row][vc_row row_type=&#8220;row&#8220; use_row_as_full_screen_section=&#8220;no&#8220; type=&#8220;full_width&#8220; text_align=&#8220;left&#8220; css_animation=&#8220;&#8220; box_shadow_on_row=&#8220;no&#8220;][vc_column][vc_column_text] L\u2019HISTOIRE Ce g\u00eete est avant tout l&#8217;histoire d&#8217;un attachement familial&#8230; [\/vc_column_text][\/vc_column][\/vc_row][vc_row row_type=&#8220;row&#8220; use_row_as_full_screen_section=&#8220;no&#8220; type=&#8220;full_width&#8220; text_align=&#8220;left&#8220; css_animation=&#8220;&#8220; box_shadow_on_row=&#8220;no&#8220;][vc_column][vc_empty_space image_repeat=&#8220;no-repeat&#8220;][\/vc_column][\/vc_row][vc_row row_type=&#8220;row&#8220; use_row_as_full_screen_section=&#8220;no&#8220; type=&#8220;full_width&#8220; text_align=&#8220;left&#8220; css_animation=&#8220;&#8220; box_shadow_on_row=&#8220;no&#8220;][vc_column width=&#8220;1\/2&#8243;][vc_column_text] Es befindet sich in der Heimatstadt meiner Mutter, erbte sie diese Eigenschaft gibt es fast 25 Jahren. Es war ein altes Bauernhaus, mit seinem niedrigen Haus, eine Scheune, eine gro\u00dfe Weide auf einem Gebiet, das hie\u00df die Molli\u00e8re &#8230; Mein Vater dann komplett renoviert unter Beibehaltung der Geist des Ortes. Dann&#8230;<\/p>\n","protected":false},"author":1,"featured_media":0,"parent":21,"menu_order":0,"comment_status":"closed","ping_status":"closed","template":"blog-masonry.php","meta":{"footnotes":""},"class_list":["post-26","page","type-page","status-publish","hentry"],"_links":{"self":[{"href":"https:\/\/www.vergerdelamauliere.com\/de\/wp-json\/wp\/v2\/pages\/26","targetHints":{"allow":["GET"]}}],"collection":[{"href":"https:\/\/www.vergerdelamauliere.com\/de\/wp-json\/wp\/v2\/pages"}],"about":[{"href":"https:\/\/www.vergerdelamauliere.com\/de\/wp-json\/wp\/v2\/types\/page"}],"author":[{"embeddable":true,"href":"https:\/\/www.vergerdelamauliere.com\/de\/wp-json\/wp\/v2\/users\/1"}],"replies":[{"embeddable":true,"href":"https:\/\/www.vergerdelamauliere.com\/de\/wp-json\/wp\/v2\/comments?post=26"}],"version-history":[{"count":26,"href":"https:\/\/www.vergerdelamauliere.com\/de\/wp-json\/wp\/v2\/pages\/26\/revisions"}],"predecessor-version":[{"id":1362,"href":"https:\/\/www.vergerdelamauliere.com\/de\/wp-json\/wp\/v2\/pages\/26\/revisions\/1362"}],"up":[{"embeddable":true,"href":"https:\/\/www.vergerdelamauliere.com\/de\/wp-json\/wp\/v2\/pages\/21"}],"wp:attachment":[{"href":"https:\/\/www.vergerdelamauliere.com\/de\/wp-json\/wp\/v2\/media?parent=26"}],"curies":[{"name":"wp","href":"https:\/\/api.w.org\/{rel}","templated":true}]}}